{"id":323,"date":"2016-07-12T20:04:53","date_gmt":"2016-07-12T18:04:53","guid":{"rendered":"http:\/\/www.icia.cz\/en\/?page_id=323"},"modified":"2016-08-01T12:39:38","modified_gmt":"2016-08-01T10:39:38","slug":"who-we-are","status":"publish","type":"page","link":"https:\/\/www.icia.cz\/en\/who-we-are\/","title":{"rendered":"Mission"},"content":{"rendered":"<p><span style=\"font-weight: 400;\">At a time when money is losing in value, we bring a new currency \u2013 intellectual capital. We want to place it on the level of financial capital. Our goal is to gradually establish intellectual capital as a suitable form of commercial relationship and exchange it for a share in the result of a shared project.<\/span><\/p>\n","protected":false},"excerpt":{"rendered":"<p>At a time when money is losing in value, we bring a new currency \u2013 intellectual capital. We want to place it&#46;&#46;&#46;<\/p>\n","protected":false},"author":2,"featured_media":0,"parent":0,"menu_order":0,"comment_status":"closed","ping_status":"closed","template":"","meta":{"footnotes":""},"yoast_head":"<!-- This site is optimized with the Yoast SEO plugin v22.7 - https:\/\/yoast.com\/wordpress\/plugins\/seo\/ -->\n<title>Mission - Intelektu\u00e1ln\u00ed kapit\u00e1l jako nov\u00e1 m\u011bna na investi\u010dn\u00edm trhu<\/title>\n<meta name=\"robots\" content=\"index, follow, max-snippet:-1, max-image-preview:large, max-video-preview:-1\" \/>\n<link rel=\"canonical\" href=\"https:\/\/www.icia.cz\/who-we-are\/\" \/>\n<meta property=\"og:locale\" content=\"en_US\" \/>\n<meta property=\"og:type\" content=\"article\" \/>\n<meta property=\"og:title\" content=\"Mission - Intelektu\u00e1ln\u00ed kapit\u00e1l jako nov\u00e1 m\u011bna na investi\u010dn\u00edm trhu\" \/>\n<meta property=\"og:description\" content=\"At a time when money is losing in value, we bring a new currency \u2013 intellectual capital. We want to place it&#046;&#046;&#046;\" \/>\n<meta property=\"og:url\" content=\"https:\/\/www.icia.cz\/who-we-are\/\" \/>\n<meta property=\"og:site_name\" content=\"Intelektu\u00e1ln\u00ed kapit\u00e1l jako nov\u00e1 m\u011bna na investi\u010dn\u00edm trhu\" \/>\n<meta property=\"article:modified_time\" content=\"2016-08-01T10:39:38+00:00\" \/>\n<meta name=\"twitter:card\" content=\"summary_large_image\" \/>\n<script type=\"application\/ld+json\" class=\"yoast-schema-graph\">{\"@context\":\"https:\/\/schema.org\",\"@graph\":[{\"@type\":\"WebPage\",\"@id\":\"https:\/\/www.icia.cz\/who-we-are\/\",\"url\":\"https:\/\/www.icia.cz\/who-we-are\/\",\"name\":\"Mission - Intelektu\u00e1ln\u00ed kapit\u00e1l jako nov\u00e1 m\u011bna na investi\u010dn\u00edm trhu\",\"isPartOf\":{\"@id\":\"https:\/\/www.icia.cz\/#website\"},\"datePublished\":\"2016-07-12T18:04:53+00:00\",\"dateModified\":\"2016-08-01T10:39:38+00:00\",\"breadcrumb\":{\"@id\":\"https:\/\/www.icia.cz\/who-we-are\/#breadcrumb\"},\"inLanguage\":\"en-US\",\"potentialAction\":[{\"@type\":\"ReadAction\",\"target\":[\"https:\/\/www.icia.cz\/who-we-are\/\"]}]},{\"@type\":\"BreadcrumbList\",\"@id\":\"https:\/\/www.icia.cz\/who-we-are\/#breadcrumb\",\"itemListElement\":[{\"@type\":\"ListItem\",\"position\":1,\"name\":\"Home\",\"item\":\"https:\/\/www.icia.cz\/\"},{\"@type\":\"ListItem\",\"position\":2,\"name\":\"Mission\"}]},{\"@type\":\"WebSite\",\"@id\":\"https:\/\/www.icia.cz\/#website\",\"url\":\"https:\/\/www.icia.cz\/\",\"name\":\"Intelektu\u00e1ln\u00ed kapit\u00e1l jako nov\u00e1 m\u011bna na investi\u010dn\u00edm trhu\",\"description\":false,\"potentialAction\":[{\"@type\":\"SearchAction\",\"target\":{\"@type\":\"EntryPoint\",\"urlTemplate\":\"https:\/\/www.icia.cz\/?s={search_term_string}\"},\"query-input\":\"required name=search_term_string\"}],\"inLanguage\":\"en-US\"}]}<\/script>\n<!-- \/ Yoast SEO plugin. -->","yoast_head_json":{"title":"Mission - Intelektu\u00e1ln\u00ed kapit\u00e1l jako nov\u00e1 m\u011bna na investi\u010dn\u00edm trhu","robots":{"index":"index","follow":"follow","max-snippet":"max-snippet:-1","max-image-preview":"max-image-preview:large","max-video-preview":"max-video-preview:-1"},"canonical":"https:\/\/www.icia.cz\/who-we-are\/","og_locale":"en_US","og_type":"article","og_title":"Mission - Intelektu\u00e1ln\u00ed kapit\u00e1l jako nov\u00e1 m\u011bna na investi\u010dn\u00edm trhu","og_description":"At a time when money is losing in value, we bring a new currency \u2013 intellectual capital. We want to place it&#46;&#46;&#46;","og_url":"https:\/\/www.icia.cz\/who-we-are\/","og_site_name":"Intelektu\u00e1ln\u00ed kapit\u00e1l jako nov\u00e1 m\u011bna na investi\u010dn\u00edm trhu","article_modified_time":"2016-08-01T10:39:38+00:00","twitter_card":"summary_large_image","schema":{"@context":"https:\/\/schema.org","@graph":[{"@type":"WebPage","@id":"https:\/\/www.icia.cz\/who-we-are\/","url":"https:\/\/www.icia.cz\/who-we-are\/","name":"Mission - Intelektu\u00e1ln\u00ed kapit\u00e1l jako nov\u00e1 m\u011bna na investi\u010dn\u00edm trhu","isPartOf":{"@id":"https:\/\/www.icia.cz\/#website"},"datePublished":"2016-07-12T18:04:53+00:00","dateModified":"2016-08-01T10:39:38+00:00","breadcrumb":{"@id":"https:\/\/www.icia.cz\/who-we-are\/#breadcrumb"},"inLanguage":"en-US","potentialAction":[{"@type":"ReadAction","target":["https:\/\/www.icia.cz\/who-we-are\/"]}]},{"@type":"BreadcrumbList","@id":"https:\/\/www.icia.cz\/who-we-are\/#breadcrumb","itemListElement":[{"@type":"ListItem","position":1,"name":"Home","item":"https:\/\/www.icia.cz\/"},{"@type":"ListItem","position":2,"name":"Mission"}]},{"@type":"WebSite","@id":"https:\/\/www.icia.cz\/#website","url":"https:\/\/www.icia.cz\/","name":"Intelektu\u00e1ln\u00ed kapit\u00e1l jako nov\u00e1 m\u011bna na investi\u010dn\u00edm trhu","description":false,"potentialAction":[{"@type":"SearchAction","target":{"@type":"EntryPoint","urlTemplate":"https:\/\/www.icia.cz\/?s={search_term_string}"},"query-input":"required name=search_term_string"}],"inLanguage":"en-US"}]}},"_links":{"self":[{"href":"https:\/\/www.icia.cz\/en\/wp-json\/wp\/v2\/pages\/323"}],"collection":[{"href":"https:\/\/www.icia.cz\/en\/wp-json\/wp\/v2\/pages"}],"about":[{"href":"https:\/\/www.icia.cz\/en\/wp-json\/wp\/v2\/types\/page"}],"author":[{"embeddable":true,"href":"https:\/\/www.icia.cz\/en\/wp-json\/wp\/v2\/users\/2"}],"replies":[{"embeddable":true,"href":"https:\/\/www.icia.cz\/en\/wp-json\/wp\/v2\/comments?post=323"}],"version-history":[{"count":4,"href":"https:\/\/www.icia.cz\/en\/wp-json\/wp\/v2\/pages\/323\/revisions"}],"predecessor-version":[{"id":370,"href":"https:\/\/www.icia.cz\/en\/wp-json\/wp\/v2\/pages\/323\/revisions\/370"}],"wp:attachment":[{"href":"https:\/\/www.icia.cz\/en\/wp-json\/wp\/v2\/media?parent=323"}],"curies":[{"name":"wp","href":"https:\/\/api.w.org\/{rel}","templated":true}]}}