{"id":378,"date":"2016-06-13T12:52:47","date_gmt":"2016-06-13T10:52:47","guid":{"rendered":"http:\/\/www.icia.cz\/en\/volne-pozice\/"},"modified":"2016-08-04T15:39:55","modified_gmt":"2016-08-04T13:39:55","slug":"volne-pozice","status":"publish","type":"page","link":"https:\/\/www.icia.cz\/en\/volne-pozice\/","title":{"rendered":"Vacancies"},"content":{"rendered":"<p>Prospective colleagues who are in tune with the intellectual capital concept, have an open business mind and are creative, reliable and professional. Primary competences \u2013 commerce\/sales, finance\/fund raising, project management. We complete the team with experts in HR, operations, IT and manufacturing.<\/p>\n","protected":false},"excerpt":{"rendered":"<p>Prospective colleagues who are in tune with the intellectual capital concept, have an open business mind and are creative, reliable and professional.&#46;&#46;&#46;<\/p>\n","protected":false},"author":1,"featured_media":0,"parent":0,"menu_order":0,"comment_status":"closed","ping_status":"closed","template":"page-form.php","meta":{"footnotes":""},"yoast_head":"<!-- This site is optimized with the Yoast SEO plugin v22.7 - https:\/\/yoast.com\/wordpress\/plugins\/seo\/ -->\n<title>Vacancies - Intelektu\u00e1ln\u00ed kapit\u00e1l jako nov\u00e1 m\u011bna na investi\u010dn\u00edm trhu<\/title>\n<meta name=\"robots\" content=\"index, follow, max-snippet:-1, max-image-preview:large, max-video-preview:-1\" \/>\n<link rel=\"canonical\" href=\"https:\/\/www.icia.cz\/volne-pozice\/\" \/>\n<meta property=\"og:locale\" content=\"en_US\" \/>\n<meta property=\"og:type\" content=\"article\" \/>\n<meta property=\"og:title\" content=\"Vacancies - Intelektu\u00e1ln\u00ed kapit\u00e1l jako nov\u00e1 m\u011bna na investi\u010dn\u00edm trhu\" \/>\n<meta property=\"og:description\" content=\"Prospective colleagues who are in tune with the intellectual capital concept, have an open business mind and are creative, reliable and professional.&#046;&#046;&#046;\" \/>\n<meta property=\"og:url\" content=\"https:\/\/www.icia.cz\/volne-pozice\/\" \/>\n<meta property=\"og:site_name\" content=\"Intelektu\u00e1ln\u00ed kapit\u00e1l jako nov\u00e1 m\u011bna na investi\u010dn\u00edm trhu\" \/>\n<meta property=\"article:modified_time\" content=\"2016-08-04T13:39:55+00:00\" \/>\n<meta name=\"twitter:card\" content=\"summary_large_image\" \/>\n<script type=\"application\/ld+json\" class=\"yoast-schema-graph\">{\"@context\":\"https:\/\/schema.org\",\"@graph\":[{\"@type\":\"WebPage\",\"@id\":\"https:\/\/www.icia.cz\/volne-pozice\/\",\"url\":\"https:\/\/www.icia.cz\/volne-pozice\/\",\"name\":\"Vacancies - Intelektu\u00e1ln\u00ed kapit\u00e1l jako nov\u00e1 m\u011bna na investi\u010dn\u00edm trhu\",\"isPartOf\":{\"@id\":\"https:\/\/www.icia.cz\/#website\"},\"datePublished\":\"2016-06-13T10:52:47+00:00\",\"dateModified\":\"2016-08-04T13:39:55+00:00\",\"breadcrumb\":{\"@id\":\"https:\/\/www.icia.cz\/volne-pozice\/#breadcrumb\"},\"inLanguage\":\"en-US\",\"potentialAction\":[{\"@type\":\"ReadAction\",\"target\":[\"https:\/\/www.icia.cz\/volne-pozice\/\"]}]},{\"@type\":\"BreadcrumbList\",\"@id\":\"https:\/\/www.icia.cz\/volne-pozice\/#breadcrumb\",\"itemListElement\":[{\"@type\":\"ListItem\",\"position\":1,\"name\":\"Home\",\"item\":\"https:\/\/www.icia.cz\/\"},{\"@type\":\"ListItem\",\"position\":2,\"name\":\"Vacancies\"}]},{\"@type\":\"WebSite\",\"@id\":\"https:\/\/www.icia.cz\/#website\",\"url\":\"https:\/\/www.icia.cz\/\",\"name\":\"Intelektu\u00e1ln\u00ed kapit\u00e1l jako nov\u00e1 m\u011bna na investi\u010dn\u00edm trhu\",\"description\":false,\"potentialAction\":[{\"@type\":\"SearchAction\",\"target\":{\"@type\":\"EntryPoint\",\"urlTemplate\":\"https:\/\/www.icia.cz\/?s={search_term_string}\"},\"query-input\":\"required name=search_term_string\"}],\"inLanguage\":\"en-US\"}]}<\/script>\n<!-- \/ Yoast SEO plugin. -->","yoast_head_json":{"title":"Vacancies - Intelektu\u00e1ln\u00ed kapit\u00e1l jako nov\u00e1 m\u011bna na investi\u010dn\u00edm trhu","robots":{"index":"index","follow":"follow","max-snippet":"max-snippet:-1","max-image-preview":"max-image-preview:large","max-video-preview":"max-video-preview:-1"},"canonical":"https:\/\/www.icia.cz\/volne-pozice\/","og_locale":"en_US","og_type":"article","og_title":"Vacancies - Intelektu\u00e1ln\u00ed kapit\u00e1l jako nov\u00e1 m\u011bna na investi\u010dn\u00edm trhu","og_description":"Prospective colleagues who are in tune with the intellectual capital concept, have an open business mind and are creative, reliable and professional.&#46;&#46;&#46;","og_url":"https:\/\/www.icia.cz\/volne-pozice\/","og_site_name":"Intelektu\u00e1ln\u00ed kapit\u00e1l jako nov\u00e1 m\u011bna na investi\u010dn\u00edm trhu","article_modified_time":"2016-08-04T13:39:55+00:00","twitter_card":"summary_large_image","schema":{"@context":"https:\/\/schema.org","@graph":[{"@type":"WebPage","@id":"https:\/\/www.icia.cz\/volne-pozice\/","url":"https:\/\/www.icia.cz\/volne-pozice\/","name":"Vacancies - Intelektu\u00e1ln\u00ed kapit\u00e1l jako nov\u00e1 m\u011bna na investi\u010dn\u00edm trhu","isPartOf":{"@id":"https:\/\/www.icia.cz\/#website"},"datePublished":"2016-06-13T10:52:47+00:00","dateModified":"2016-08-04T13:39:55+00:00","breadcrumb":{"@id":"https:\/\/www.icia.cz\/volne-pozice\/#breadcrumb"},"inLanguage":"en-US","potentialAction":[{"@type":"ReadAction","target":["https:\/\/www.icia.cz\/volne-pozice\/"]}]},{"@type":"BreadcrumbList","@id":"https:\/\/www.icia.cz\/volne-pozice\/#breadcrumb","itemListElement":[{"@type":"ListItem","position":1,"name":"Home","item":"https:\/\/www.icia.cz\/"},{"@type":"ListItem","position":2,"name":"Vacancies"}]},{"@type":"WebSite","@id":"https:\/\/www.icia.cz\/#website","url":"https:\/\/www.icia.cz\/","name":"Intelektu\u00e1ln\u00ed kapit\u00e1l jako nov\u00e1 m\u011bna na investi\u010dn\u00edm trhu","description":false,"potentialAction":[{"@type":"SearchAction","target":{"@type":"EntryPoint","urlTemplate":"https:\/\/www.icia.cz\/?s={search_term_string}"},"query-input":"required name=search_term_string"}],"inLanguage":"en-US"}]}},"_links":{"self":[{"href":"https:\/\/www.icia.cz\/en\/wp-json\/wp\/v2\/pages\/378"}],"collection":[{"href":"https:\/\/www.icia.cz\/en\/wp-json\/wp\/v2\/pages"}],"about":[{"href":"https:\/\/www.icia.cz\/en\/wp-json\/wp\/v2\/types\/page"}],"author":[{"embeddable":true,"href":"https:\/\/www.icia.cz\/en\/wp-json\/wp\/v2\/users\/1"}],"replies":[{"embeddable":true,"href":"https:\/\/www.icia.cz\/en\/wp-json\/wp\/v2\/comments?post=378"}],"version-history":[{"count":1,"href":"https:\/\/www.icia.cz\/en\/wp-json\/wp\/v2\/pages\/378\/revisions"}],"predecessor-version":[{"id":379,"href":"https:\/\/www.icia.cz\/en\/wp-json\/wp\/v2\/pages\/378\/revisions\/379"}],"wp:attachment":[{"href":"https:\/\/www.icia.cz\/en\/wp-json\/wp\/v2\/media?parent=378"}],"curies":[{"name":"wp","href":"https:\/\/api.w.org\/{rel}","templated":true}]}}