{"id":486,"date":"2017-01-15T17:35:02","date_gmt":"2017-01-15T16:35:02","guid":{"rendered":"http:\/\/www.icia.cz\/en\/kontakty-2\/"},"modified":"2019-05-30T10:08:09","modified_gmt":"2019-05-30T08:08:09","slug":"kontakty","status":"publish","type":"page","link":"https:\/\/www.icia.cz\/en\/kontakty\/","title":{"rendered":"Kontakty"},"content":{"rendered":"","protected":false},"excerpt":{"rendered":"","protected":false},"author":1,"featured_media":0,"parent":0,"menu_order":0,"comment_status":"closed","ping_status":"closed","template":"page-kontakty.php","meta":{"footnotes":""},"yoast_head":"<!-- This site is optimized with the Yoast SEO plugin v22.7 - https:\/\/yoast.com\/wordpress\/plugins\/seo\/ -->\n<title>Kontakty - Intelektu\u00e1ln\u00ed kapit\u00e1l jako nov\u00e1 m\u011bna na investi\u010dn\u00edm trhu<\/title>\n<meta name=\"robots\" content=\"index, follow, max-snippet:-1, max-image-preview:large, max-video-preview:-1\" \/>\n<link rel=\"canonical\" href=\"https:\/\/www.icia.cz\/kontakty\/\" \/>\n<meta property=\"og:locale\" content=\"en_US\" \/>\n<meta property=\"og:type\" content=\"article\" \/>\n<meta property=\"og:title\" content=\"Kontakty - Intelektu\u00e1ln\u00ed kapit\u00e1l jako nov\u00e1 m\u011bna na investi\u010dn\u00edm trhu\" \/>\n<meta property=\"og:url\" content=\"https:\/\/www.icia.cz\/kontakty\/\" \/>\n<meta property=\"og:site_name\" content=\"Intelektu\u00e1ln\u00ed kapit\u00e1l jako nov\u00e1 m\u011bna na investi\u010dn\u00edm trhu\" \/>\n<meta property=\"article:modified_time\" content=\"2019-05-30T08:08:09+00:00\" \/>\n<meta name=\"twitter:card\" content=\"summary_large_image\" \/>\n<script type=\"application\/ld+json\" class=\"yoast-schema-graph\">{\"@context\":\"https:\/\/schema.org\",\"@graph\":[{\"@type\":\"WebPage\",\"@id\":\"https:\/\/www.icia.cz\/kontakty\/\",\"url\":\"https:\/\/www.icia.cz\/kontakty\/\",\"name\":\"Kontakty - Intelektu\u00e1ln\u00ed kapit\u00e1l jako nov\u00e1 m\u011bna na investi\u010dn\u00edm trhu\",\"isPartOf\":{\"@id\":\"https:\/\/www.icia.cz\/#website\"},\"datePublished\":\"2017-01-15T16:35:02+00:00\",\"dateModified\":\"2019-05-30T08:08:09+00:00\",\"breadcrumb\":{\"@id\":\"https:\/\/www.icia.cz\/kontakty\/#breadcrumb\"},\"inLanguage\":\"en-US\",\"potentialAction\":[{\"@type\":\"ReadAction\",\"target\":[\"https:\/\/www.icia.cz\/kontakty\/\"]}]},{\"@type\":\"BreadcrumbList\",\"@id\":\"https:\/\/www.icia.cz\/kontakty\/#breadcrumb\",\"itemListElement\":[{\"@type\":\"ListItem\",\"position\":1,\"name\":\"Home\",\"item\":\"https:\/\/www.icia.cz\/\"},{\"@type\":\"ListItem\",\"position\":2,\"name\":\"Kontakty\"}]},{\"@type\":\"WebSite\",\"@id\":\"https:\/\/www.icia.cz\/#website\",\"url\":\"https:\/\/www.icia.cz\/\",\"name\":\"Intelektu\u00e1ln\u00ed kapit\u00e1l jako nov\u00e1 m\u011bna na investi\u010dn\u00edm trhu\",\"description\":false,\"potentialAction\":[{\"@type\":\"SearchAction\",\"target\":{\"@type\":\"EntryPoint\",\"urlTemplate\":\"https:\/\/www.icia.cz\/?s={search_term_string}\"},\"query-input\":\"required name=search_term_string\"}],\"inLanguage\":\"en-US\"}]}<\/script>\n<!-- \/ Yoast SEO plugin. -->","yoast_head_json":{"title":"Kontakty - Intelektu\u00e1ln\u00ed kapit\u00e1l jako nov\u00e1 m\u011bna na investi\u010dn\u00edm trhu","robots":{"index":"index","follow":"follow","max-snippet":"max-snippet:-1","max-image-preview":"max-image-preview:large","max-video-preview":"max-video-preview:-1"},"canonical":"https:\/\/www.icia.cz\/kontakty\/","og_locale":"en_US","og_type":"article","og_title":"Kontakty - Intelektu\u00e1ln\u00ed kapit\u00e1l jako nov\u00e1 m\u011bna na investi\u010dn\u00edm trhu","og_url":"https:\/\/www.icia.cz\/kontakty\/","og_site_name":"Intelektu\u00e1ln\u00ed kapit\u00e1l jako nov\u00e1 m\u011bna na investi\u010dn\u00edm trhu","article_modified_time":"2019-05-30T08:08:09+00:00","twitter_card":"summary_large_image","schema":{"@context":"https:\/\/schema.org","@graph":[{"@type":"WebPage","@id":"https:\/\/www.icia.cz\/kontakty\/","url":"https:\/\/www.icia.cz\/kontakty\/","name":"Kontakty - Intelektu\u00e1ln\u00ed kapit\u00e1l jako nov\u00e1 m\u011bna na investi\u010dn\u00edm trhu","isPartOf":{"@id":"https:\/\/www.icia.cz\/#website"},"datePublished":"2017-01-15T16:35:02+00:00","dateModified":"2019-05-30T08:08:09+00:00","breadcrumb":{"@id":"https:\/\/www.icia.cz\/kontakty\/#breadcrumb"},"inLanguage":"en-US","potentialAction":[{"@type":"ReadAction","target":["https:\/\/www.icia.cz\/kontakty\/"]}]},{"@type":"BreadcrumbList","@id":"https:\/\/www.icia.cz\/kontakty\/#breadcrumb","itemListElement":[{"@type":"ListItem","position":1,"name":"Home","item":"https:\/\/www.icia.cz\/"},{"@type":"ListItem","position":2,"name":"Kontakty"}]},{"@type":"WebSite","@id":"https:\/\/www.icia.cz\/#website","url":"https:\/\/www.icia.cz\/","name":"Intelektu\u00e1ln\u00ed kapit\u00e1l jako nov\u00e1 m\u011bna na investi\u010dn\u00edm trhu","description":false,"potentialAction":[{"@type":"SearchAction","target":{"@type":"EntryPoint","urlTemplate":"https:\/\/www.icia.cz\/?s={search_term_string}"},"query-input":"required name=search_term_string"}],"inLanguage":"en-US"}]}},"_links":{"self":[{"href":"https:\/\/www.icia.cz\/en\/wp-json\/wp\/v2\/pages\/486"}],"collection":[{"href":"https:\/\/www.icia.cz\/en\/wp-json\/wp\/v2\/pages"}],"about":[{"href":"https:\/\/www.icia.cz\/en\/wp-json\/wp\/v2\/types\/page"}],"author":[{"embeddable":true,"href":"https:\/\/www.icia.cz\/en\/wp-json\/wp\/v2\/users\/1"}],"replies":[{"embeddable":true,"href":"https:\/\/www.icia.cz\/en\/wp-json\/wp\/v2\/comments?post=486"}],"version-history":[{"count":6,"href":"https:\/\/www.icia.cz\/en\/wp-json\/wp\/v2\/pages\/486\/revisions"}],"predecessor-version":[{"id":924,"href":"https:\/\/www.icia.cz\/en\/wp-json\/wp\/v2\/pages\/486\/revisions\/924"}],"wp:attachment":[{"href":"https:\/\/www.icia.cz\/en\/wp-json\/wp\/v2\/media?parent=486"}],"curies":[{"name":"wp","href":"https:\/\/api.w.org\/{rel}","templated":true}]}}